{"id":3,"date":"2024-05-08T10:33:46","date_gmt":"2024-05-08T10:33:46","guid":{"rendered":"https:\/\/fusionizemanagement.com\/?page_id=3"},"modified":"2025-09-28T17:23:35","modified_gmt":"2025-09-28T16:23:35","slug":"adatvedelmi-tajekoztato","status":"publish","type":"page","link":"https:\/\/fusionizemanagement.com\/en\/adatvedelmi-tajekoztato\/","title":{"rendered":"Data protection information"},"content":{"rendered":"<div data-elementor-type=\"wp-page\" data-elementor-id=\"3\" class=\"elementor elementor-3\" data-elementor-post-type=\"page\">\n\t\t\t\t<div class=\"elementor-element elementor-element-539797ff e-flex e-con-boxed e-con e-parent\" data-id=\"539797ff\" data-element_type=\"container\" data-e-type=\"container\">\n\t\t\t\t\t<div class=\"e-con-inner\">\n\t\t\t\t<div class=\"elementor-element elementor-element-c498c6d elementor-widget elementor-widget-heading\" data-id=\"c498c6d\" data-element_type=\"widget\" data-e-type=\"widget\" data-settings=\"{&quot;_animation&quot;:&quot;none&quot;,&quot;_animation_delay&quot;:1000}\" data-widget_type=\"heading.default\">\n\t\t\t\t<div class=\"elementor-widget-container\">\n\t\t\t\t\t<h1 class=\"elementor-heading-title elementor-size-default\">Data protection information<\/h1>\t\t\t\t<\/div>\n\t\t\t\t<\/div>\n\t\t\t\t<div class=\"elementor-element elementor-element-d1f4c50 elementor-widget elementor-widget-heading\" data-id=\"d1f4c50\" data-element_type=\"widget\" data-e-type=\"widget\" data-settings=\"{&quot;_animation&quot;:&quot;none&quot;,&quot;_animation_delay&quot;:1000}\" data-widget_type=\"heading.default\">\n\t\t\t\t<div class=\"elementor-widget-container\">\n\t\t\t\t\t<h2 class=\"elementor-heading-title elementor-size-default\">1. Introduction<\/h2>\t\t\t\t<\/div>\n\t\t\t\t<\/div>\n\t\t\t\t<div class=\"elementor-element elementor-element-478529f elementor-widget elementor-widget-text-editor\" data-id=\"478529f\" data-element_type=\"widget\" data-e-type=\"widget\" data-widget_type=\"text-editor.default\">\n\t\t\t\t<div class=\"elementor-widget-container\">\n\t\t\t\t\t\t\t\t\t<p>Fusionize Music Management is committed to protecting your personal data and processing it in compliance with the applicable legislation, in particular Regulation (EU) 2016\/679 of the European Parliament and of the Council (GDPR). Below you will find information on how we process the data you provide to us.<\/p>\t\t\t\t\t\t\t\t<\/div>\n\t\t\t\t<\/div>\n\t\t\t\t<div class=\"elementor-element elementor-element-2154cd5 elementor-widget elementor-widget-heading\" data-id=\"2154cd5\" data-element_type=\"widget\" data-e-type=\"widget\" data-settings=\"{&quot;_animation&quot;:&quot;none&quot;,&quot;_animation_delay&quot;:1000}\" data-widget_type=\"heading.default\">\n\t\t\t\t<div class=\"elementor-widget-container\">\n\t\t\t\t\t<h2 class=\"elementor-heading-title elementor-size-default\">2. Data collected and purpose of processing<\/h2>\t\t\t\t<\/div>\n\t\t\t\t<\/div>\n\t\t\t\t<div class=\"elementor-element elementor-element-620f450 elementor-widget elementor-widget-text-editor\" data-id=\"620f450\" data-element_type=\"widget\" data-e-type=\"widget\" data-widget_type=\"text-editor.default\">\n\t\t\t\t<div class=\"elementor-widget-container\">\n\t\t\t\t\t\t\t\t\t<p>We collect only the following personal data through the online form on our website:<\/p>\n<ul role=\"list\">\n<li>Name<\/li>\n<li>E-mail address<\/li>\n<\/ul>\n<p>We use this information only to respond to your request and to communicate with you about our services.<\/p>\t\t\t\t\t\t\t\t<\/div>\n\t\t\t\t<\/div>\n\t\t\t\t<div class=\"elementor-element elementor-element-9d97592 elementor-widget elementor-widget-heading\" data-id=\"9d97592\" data-element_type=\"widget\" data-e-type=\"widget\" data-settings=\"{&quot;_animation&quot;:&quot;none&quot;,&quot;_animation_delay&quot;:1000}\" data-widget_type=\"heading.default\">\n\t\t\t\t<div class=\"elementor-widget-container\">\n\t\t\t\t\t<h2 class=\"elementor-heading-title elementor-size-default\">3. Legal basis for processing<\/h2>\t\t\t\t<\/div>\n\t\t\t\t<\/div>\n\t\t\t\t<div class=\"elementor-element elementor-element-8727071 elementor-widget elementor-widget-text-editor\" data-id=\"8727071\" data-element_type=\"widget\" data-e-type=\"widget\" data-widget_type=\"text-editor.default\">\n\t\t\t\t<div class=\"elementor-widget-container\">\n\t\t\t\t\t\t\t\t\t<p>The processing is based on your voluntary consent, which you give by filling in and sending the form.<\/p>\t\t\t\t\t\t\t\t<\/div>\n\t\t\t\t<\/div>\n\t\t\t\t<div class=\"elementor-element elementor-element-3505b8b elementor-widget elementor-widget-heading\" data-id=\"3505b8b\" data-element_type=\"widget\" data-e-type=\"widget\" data-settings=\"{&quot;_animation&quot;:&quot;none&quot;,&quot;_animation_delay&quot;:1000}\" data-widget_type=\"heading.default\">\n\t\t\t\t<div class=\"elementor-widget-container\">\n\t\t\t\t\t<h2 class=\"elementor-heading-title elementor-size-default\">4. Data storage and protection<\/h2>\t\t\t\t<\/div>\n\t\t\t\t<\/div>\n\t\t\t\t<div class=\"elementor-element elementor-element-6493b94 elementor-widget elementor-widget-text-editor\" data-id=\"6493b94\" data-element_type=\"widget\" data-e-type=\"widget\" data-widget_type=\"text-editor.default\">\n\t\t\t\t<div class=\"elementor-widget-container\">\n\t\t\t\t\t\t\t\t\t<p>Your data will be stored in a secure environment and will not be disclosed to third parties unless required by law.<\/p>\t\t\t\t\t\t\t\t<\/div>\n\t\t\t\t<\/div>\n\t\t\t\t<div class=\"elementor-element elementor-element-0b1c94d elementor-widget elementor-widget-heading\" data-id=\"0b1c94d\" data-element_type=\"widget\" data-e-type=\"widget\" data-settings=\"{&quot;_animation&quot;:&quot;none&quot;,&quot;_animation_delay&quot;:1000}\" data-widget_type=\"heading.default\">\n\t\t\t\t<div class=\"elementor-widget-container\">\n\t\t\t\t\t<h2 class=\"elementor-heading-title elementor-size-default\">5. Yoghurt<\/h2>\t\t\t\t<\/div>\n\t\t\t\t<\/div>\n\t\t\t\t<div class=\"elementor-element elementor-element-20df42d elementor-widget elementor-widget-text-editor\" data-id=\"20df42d\" data-element_type=\"widget\" data-e-type=\"widget\" data-widget_type=\"text-editor.default\">\n\t\t\t\t<div class=\"elementor-widget-container\">\n\t\t\t\t\t\t\t\t\t<p>You are entitled to:<\/p>\n<ul>\n<li>access data stored about you,<\/li>\n<li>request the rectification or erasure of the data,<\/li>\n<li>request the restriction of the processing of your data,<\/li>\n<li>withdraw their consent to the processing at any time,<\/li>\n<li>receive data about you in a machine-readable format.<\/li>\n<\/ul>\t\t\t\t\t\t\t\t<\/div>\n\t\t\t\t<\/div>\n\t\t\t\t<div class=\"elementor-element elementor-element-19b0ca2 elementor-widget elementor-widget-text-editor\" data-id=\"19b0ca2\" data-element_type=\"widget\" data-e-type=\"widget\" data-widget_type=\"text-editor.default\">\n\t\t\t\t<div class=\"elementor-widget-container\">\n\t\t\t\t\t\t\t\t\t<p>If you have any questions or requests regarding the processing of your personal data, please contact us at the following address:<\/p>\t\t\t\t\t\t\t\t<\/div>\n\t\t\t\t<\/div>\n\t\t\t\t<div class=\"elementor-element elementor-element-a9a0f5a elementor-view-stacked elementor-shape-square elementor-position-inline-start elementor-tablet-position-inline-start elementor-widget__width-inherit elementor-widget elementor-widget-icon-box\" data-id=\"a9a0f5a\" data-element_type=\"widget\" data-e-type=\"widget\" data-widget_type=\"icon-box.default\">\n\t\t\t\t<div class=\"elementor-widget-container\">\n\t\t\t\t\t\t\t<div class=\"elementor-icon-box-wrapper\">\n\n\t\t\t\t\t\t<div class=\"elementor-icon-box-icon\">\n\t\t\t\t<a href=\"mailto:%20info@fusionizemanagement.com\" class=\"elementor-icon\" tabindex=\"-1\" aria-label=\"info@fusionizemanagement.com\">\n\t\t\t\t<i aria-hidden=\"true\" class=\"icon icon-email1\"><\/i>\t\t\t\t<\/a>\n\t\t\t<\/div>\n\t\t\t\n\t\t\t\t\t\t<div class=\"elementor-icon-box-content\">\n\n\t\t\t\t\t\t\t\t\t<h4 class=\"elementor-icon-box-title\">\n\t\t\t\t\t\t<a href=\"mailto:%20info@fusionizemanagement.com\" >\n\t\t\t\t\t\t\tinfo@fusionizemanagement.com\t\t\t\t\t\t<\/a>\n\t\t\t\t\t<\/h4>\n\t\t\t\t\n\t\t\t\t\n\t\t\t<\/div>\n\t\t\t\n\t\t<\/div>\n\t\t\t\t\t\t<\/div>\n\t\t\t\t<\/div>\n\t\t\t\t\t<\/div>\n\t\t\t\t<\/div>\n\t\t\t\t<\/div>","protected":false},"excerpt":{"rendered":"<p>Adatv\u00e9delmi t\u00e1j\u00e9koztat\u00f3 1. Bevezet\u00e9s A Fusionize Music Management elk\u00f6telezett az a szem\u00e9lyes adataid v\u00e9delme ir\u00e1nt, melyeket az erre vonatkoz\u00f3 hat\u00e1lyos jogszab\u00e1lyoknak tiszteletben tart\u00e1s\u00e1val kezel, k\u00fcl\u00f6n\u00f6s tekintettel az Eur\u00f3pai Parlament \u00e9s [&hellip;]<\/p>\n","protected":false},"author":1,"featured_media":0,"parent":0,"menu_order":0,"comment_status":"closed","ping_status":"open","template":"","meta":{"footnotes":""},"class_list":["post-3","page","type-page","status-publish","hentry"],"yoast_head":"<!-- This site is optimized with the Yoast SEO plugin v27.3 - https:\/\/yoast.com\/product\/yoast-seo-wordpress\/ -->\n<title>Adatv\u00e9delmi t\u00e1j\u00e9koztat\u00f3 - fusionizemanagement.com<\/title>\n<meta name=\"description\" content=\"Fusionize Music Management adatv\u00e9delmi t\u00e1j\u00e9koztat\u00f3. Tudj meg mindent a szem\u00e9lyes adatok kezel\u00e9s\u00e9r\u0151l, jogaidr\u00f3l \u00e9s biztons\u00e1gos adatkezel\u00e9si gyakorlatunkr\u00f3l.\" \/>\n<meta name=\"robots\" content=\"index, follow, max-snippet:-1, max-image-preview:large, max-video-preview:-1\" \/>\n<link rel=\"canonical\" href=\"https:\/\/fusionizemanagement.com\/en\/adatvedelmi-tajekoztato\/\" \/>\n<meta property=\"og:locale\" content=\"en_US\" \/>\n<meta property=\"og:type\" content=\"article\" \/>\n<meta property=\"og:title\" content=\"Adatv\u00e9delmi t\u00e1j\u00e9koztat\u00f3 - fusionizemanagement.com\" \/>\n<meta property=\"og:description\" content=\"Fusionize Music Management adatv\u00e9delmi t\u00e1j\u00e9koztat\u00f3. Tudj meg mindent a szem\u00e9lyes adatok kezel\u00e9s\u00e9r\u0151l, jogaidr\u00f3l \u00e9s biztons\u00e1gos adatkezel\u00e9si gyakorlatunkr\u00f3l.\" \/>\n<meta property=\"og:url\" content=\"https:\/\/fusionizemanagement.com\/en\/adatvedelmi-tajekoztato\/\" \/>\n<meta property=\"og:site_name\" content=\"fusionizemanagement.com\" \/>\n<meta property=\"article:modified_time\" content=\"2025-09-28T16:23:35+00:00\" \/>\n<meta name=\"twitter:card\" content=\"summary_large_image\" \/>\n<meta name=\"twitter:label1\" content=\"Est. reading time\" \/>\n\t<meta name=\"twitter:data1\" content=\"1 minute\" \/>\n<script type=\"application\/ld+json\" class=\"yoast-schema-graph\">{\"@context\":\"https:\\\/\\\/schema.org\",\"@graph\":[{\"@type\":\"WebPage\",\"@id\":\"https:\\\/\\\/fusionizemanagement.com\\\/adatvedelmi-tajekoztato\\\/\",\"url\":\"https:\\\/\\\/fusionizemanagement.com\\\/adatvedelmi-tajekoztato\\\/\",\"name\":\"Adatv\u00e9delmi t\u00e1j\u00e9koztat\u00f3 - fusionizemanagement.com\",\"isPartOf\":{\"@id\":\"https:\\\/\\\/fusionizemanagement.com\\\/#website\"},\"datePublished\":\"2024-05-08T10:33:46+00:00\",\"dateModified\":\"2025-09-28T16:23:35+00:00\",\"description\":\"Fusionize Music Management adatv\u00e9delmi t\u00e1j\u00e9koztat\u00f3. Tudj meg mindent a szem\u00e9lyes adatok kezel\u00e9s\u00e9r\u0151l, jogaidr\u00f3l \u00e9s biztons\u00e1gos adatkezel\u00e9si gyakorlatunkr\u00f3l.\",\"breadcrumb\":{\"@id\":\"https:\\\/\\\/fusionizemanagement.com\\\/adatvedelmi-tajekoztato\\\/#breadcrumb\"},\"inLanguage\":\"en-US\",\"potentialAction\":[{\"@type\":\"ReadAction\",\"target\":[\"https:\\\/\\\/fusionizemanagement.com\\\/adatvedelmi-tajekoztato\\\/\"]}]},{\"@type\":\"BreadcrumbList\",\"@id\":\"https:\\\/\\\/fusionizemanagement.com\\\/adatvedelmi-tajekoztato\\\/#breadcrumb\",\"itemListElement\":[{\"@type\":\"ListItem\",\"position\":1,\"name\":\"Kezd\u0151lap\",\"item\":\"https:\\\/\\\/fusionizemanagement.com\\\/\"},{\"@type\":\"ListItem\",\"position\":2,\"name\":\"Adatv\u00e9delmi t\u00e1j\u00e9koztat\u00f3\"}]},{\"@type\":\"WebSite\",\"@id\":\"https:\\\/\\\/fusionizemanagement.com\\\/#website\",\"url\":\"https:\\\/\\\/fusionizemanagement.com\\\/\",\"name\":\"fusionizemanagement.com\",\"description\":\"\",\"publisher\":{\"@id\":\"https:\\\/\\\/fusionizemanagement.com\\\/#organization\"},\"potentialAction\":[{\"@type\":\"SearchAction\",\"target\":{\"@type\":\"EntryPoint\",\"urlTemplate\":\"https:\\\/\\\/fusionizemanagement.com\\\/?s={search_term_string}\"},\"query-input\":{\"@type\":\"PropertyValueSpecification\",\"valueRequired\":true,\"valueName\":\"search_term_string\"}}],\"inLanguage\":\"en-US\"},{\"@type\":\"Organization\",\"@id\":\"https:\\\/\\\/fusionizemanagement.com\\\/#organization\",\"name\":\"fusionizemanagement.com\",\"url\":\"https:\\\/\\\/fusionizemanagement.com\\\/\",\"logo\":{\"@type\":\"ImageObject\",\"inLanguage\":\"en-US\",\"@id\":\"https:\\\/\\\/fusionizemanagement.com\\\/#\\\/schema\\\/logo\\\/image\\\/\",\"url\":\"https:\\\/\\\/fusionizemanagement.com\\\/wp-content\\\/uploads\\\/2024\\\/11\\\/FMM-logo_black.png\",\"contentUrl\":\"https:\\\/\\\/fusionizemanagement.com\\\/wp-content\\\/uploads\\\/2024\\\/11\\\/FMM-logo_black.png\",\"width\":1920,\"height\":634,\"caption\":\"fusionizemanagement.com\"},\"image\":{\"@id\":\"https:\\\/\\\/fusionizemanagement.com\\\/#\\\/schema\\\/logo\\\/image\\\/\"}}]}<\/script>\n<!-- \/ Yoast SEO plugin. -->","yoast_head_json":{"title":"Privacy Policy - fusionizemanagement.com","description":"Fusionize Music Management privacy notice. Learn about how we handle your personal data, your rights and our secure data practices.","robots":{"index":"index","follow":"follow","max-snippet":"max-snippet:-1","max-image-preview":"max-image-preview:large","max-video-preview":"max-video-preview:-1"},"canonical":"https:\/\/fusionizemanagement.com\/en\/adatvedelmi-tajekoztato\/","og_locale":"en_US","og_type":"article","og_title":"Adatv\u00e9delmi t\u00e1j\u00e9koztat\u00f3 - fusionizemanagement.com","og_description":"Fusionize Music Management adatv\u00e9delmi t\u00e1j\u00e9koztat\u00f3. Tudj meg mindent a szem\u00e9lyes adatok kezel\u00e9s\u00e9r\u0151l, jogaidr\u00f3l \u00e9s biztons\u00e1gos adatkezel\u00e9si gyakorlatunkr\u00f3l.","og_url":"https:\/\/fusionizemanagement.com\/en\/adatvedelmi-tajekoztato\/","og_site_name":"fusionizemanagement.com","article_modified_time":"2025-09-28T16:23:35+00:00","twitter_card":"summary_large_image","twitter_misc":{"Est. reading time":"1 minute"},"schema":{"@context":"https:\/\/schema.org","@graph":[{"@type":"WebPage","@id":"https:\/\/fusionizemanagement.com\/adatvedelmi-tajekoztato\/","url":"https:\/\/fusionizemanagement.com\/adatvedelmi-tajekoztato\/","name":"Privacy Policy - fusionizemanagement.com","isPartOf":{"@id":"https:\/\/fusionizemanagement.com\/#website"},"datePublished":"2024-05-08T10:33:46+00:00","dateModified":"2025-09-28T16:23:35+00:00","description":"Fusionize Music Management privacy notice. Learn about how we handle your personal data, your rights and our secure data practices.","breadcrumb":{"@id":"https:\/\/fusionizemanagement.com\/adatvedelmi-tajekoztato\/#breadcrumb"},"inLanguage":"en-US","potentialAction":[{"@type":"ReadAction","target":["https:\/\/fusionizemanagement.com\/adatvedelmi-tajekoztato\/"]}]},{"@type":"BreadcrumbList","@id":"https:\/\/fusionizemanagement.com\/adatvedelmi-tajekoztato\/#breadcrumb","itemListElement":[{"@type":"ListItem","position":1,"name":"Kezd\u0151lap","item":"https:\/\/fusionizemanagement.com\/"},{"@type":"ListItem","position":2,"name":"Adatv\u00e9delmi t\u00e1j\u00e9koztat\u00f3"}]},{"@type":"WebSite","@id":"https:\/\/fusionizemanagement.com\/#website","url":"https:\/\/fusionizemanagement.com\/","name":"fusionizemanagement.com","description":"","publisher":{"@id":"https:\/\/fusionizemanagement.com\/#organization"},"potentialAction":[{"@type":"SearchAction","target":{"@type":"EntryPoint","urlTemplate":"https:\/\/fusionizemanagement.com\/?s={search_term_string}"},"query-input":{"@type":"PropertyValueSpecification","valueRequired":true,"valueName":"search_term_string"}}],"inLanguage":"en-US"},{"@type":"Organization","@id":"https:\/\/fusionizemanagement.com\/#organization","name":"fusionizemanagement.com","url":"https:\/\/fusionizemanagement.com\/","logo":{"@type":"ImageObject","inLanguage":"en-US","@id":"https:\/\/fusionizemanagement.com\/#\/schema\/logo\/image\/","url":"https:\/\/fusionizemanagement.com\/wp-content\/uploads\/2024\/11\/FMM-logo_black.png","contentUrl":"https:\/\/fusionizemanagement.com\/wp-content\/uploads\/2024\/11\/FMM-logo_black.png","width":1920,"height":634,"caption":"fusionizemanagement.com"},"image":{"@id":"https:\/\/fusionizemanagement.com\/#\/schema\/logo\/image\/"}}]}},"_links":{"self":[{"href":"https:\/\/fusionizemanagement.com\/en\/wp-json\/wp\/v2\/pages\/3","targetHints":{"allow":["GET"]}}],"collection":[{"href":"https:\/\/fusionizemanagement.com\/en\/wp-json\/wp\/v2\/pages"}],"about":[{"href":"https:\/\/fusionizemanagement.com\/en\/wp-json\/wp\/v2\/types\/page"}],"author":[{"embeddable":true,"href":"https:\/\/fusionizemanagement.com\/en\/wp-json\/wp\/v2\/users\/1"}],"replies":[{"embeddable":true,"href":"https:\/\/fusionizemanagement.com\/en\/wp-json\/wp\/v2\/comments?post=3"}],"version-history":[{"count":3,"href":"https:\/\/fusionizemanagement.com\/en\/wp-json\/wp\/v2\/pages\/3\/revisions"}],"predecessor-version":[{"id":2013,"href":"https:\/\/fusionizemanagement.com\/en\/wp-json\/wp\/v2\/pages\/3\/revisions\/2013"}],"wp:attachment":[{"href":"https:\/\/fusionizemanagement.com\/en\/wp-json\/wp\/v2\/media?parent=3"}],"curies":[{"name":"wp","href":"https:\/\/api.w.org\/{rel}","templated":true}]}}