{"id":12,"date":"2024-10-15T16:01:00","date_gmt":"2024-10-15T15:01:00","guid":{"rendered":"https:\/\/fusionizemanagement.com\/?page_id=12"},"modified":"2025-10-10T17:34:09","modified_gmt":"2025-10-10T16:34:09","slug":"fooldal","status":"publish","type":"page","link":"https:\/\/fusionizemanagement.com\/en\/","title":{"rendered":"Home"},"content":{"rendered":"<div data-elementor-type=\"wp-page\" data-elementor-id=\"12\" class=\"elementor elementor-12\" data-elementor-post-type=\"page\">\n\t\t\t\t\t\t<section class=\"elementor-section elementor-top-section elementor-element elementor-element-6c1013bd elementor-reverse-mobile elementor-section-boxed elementor-section-height-default elementor-section-height-default\" data-id=\"6c1013bd\" data-element_type=\"section\" data-e-type=\"section\" data-settings=\"{&quot;background_background&quot;:&quot;classic&quot;}\">\n\t\t\t\t\t\t\t<div class=\"elementor-background-overlay\"><\/div>\n\t\t\t\t\t\t\t<div class=\"elementor-container elementor-column-gap-default\">\n\t\t\t\t\t<div class=\"elementor-column elementor-col-100 elementor-top-column elementor-element elementor-element-a1d237f\" data-id=\"a1d237f\" data-element_type=\"column\" data-e-type=\"column\">\n\t\t\t<div class=\"elementor-widget-wrap elementor-element-populated\">\n\t\t\t\t\t\t<div class=\"elementor-element elementor-element-3d8737ed animated-slow elementor-widget elementor-widget-heading\" data-id=\"3d8737ed\" data-element_type=\"widget\" data-e-type=\"widget\" data-settings=\"{&quot;_animation&quot;:&quot;none&quot;}\" data-widget_type=\"heading.default\">\n\t\t\t\t<div class=\"elementor-widget-container\">\n\t\t\t\t\t<h1 class=\"elementor-heading-title elementor-size-default\">Fusionize Music Management <\/h1>\t\t\t\t<\/div>\n\t\t\t\t<\/div>\n\t\t\t\t<div class=\"elementor-element elementor-element-6d67bb21 animated-slow elementor-widget elementor-widget-heading\" data-id=\"6d67bb21\" data-element_type=\"widget\" data-e-type=\"widget\" data-settings=\"{&quot;_animation&quot;:&quot;none&quot;,&quot;_animation_delay&quot;:100}\" data-widget_type=\"heading.default\">\n\t\t\t\t<div class=\"elementor-widget-container\">\n\t\t\t\t\t<h1 class=\"elementor-heading-title elementor-size-default\">The fusion of alternative music<\/h1>\t\t\t\t<\/div>\n\t\t\t\t<\/div>\n\t\t\t\t<div class=\"elementor-element elementor-element-796588ef animated-slow elementor-widget elementor-widget-text-editor\" data-id=\"796588ef\" data-element_type=\"widget\" data-e-type=\"widget\" data-settings=\"{&quot;_animation&quot;:&quot;none&quot;,&quot;_animation_delay&quot;:500}\" data-widget_type=\"text-editor.default\">\n\t\t\t\t<div class=\"elementor-widget-container\">\n\t\t\t\t\t\t\t\t\t<p>Fusionize Music Management helps up-and-coming artists get off the ground, bringing new colour to the worlds of hip-hop, metal and blues-rock. We believe that bringing different styles together not only creates unique sounds, but also inspiring collaborations. Our aim is for our artists to strengthen their presence on the national and international scene with their diversity and collective energies.<\/p>\t\t\t\t\t\t\t\t<\/div>\n\t\t\t\t<\/div>\n\t\t\t\t<section class=\"elementor-section elementor-inner-section elementor-element elementor-element-e5ed3fd elementor-section-boxed elementor-section-height-default elementor-section-height-default\" data-id=\"e5ed3fd\" data-element_type=\"section\" data-e-type=\"section\">\n\t\t\t\t\t\t<div class=\"elementor-container elementor-column-gap-default\">\n\t\t\t\t\t<div class=\"elementor-column elementor-col-100 elementor-inner-column elementor-element elementor-element-df39df1\" data-id=\"df39df1\" data-element_type=\"column\" data-e-type=\"column\">\n\t\t\t<div class=\"elementor-widget-wrap elementor-element-populated\">\n\t\t\t\t\t\t<div class=\"elementor-element elementor-element-bdf5130 elementor-widget__width-auto elementor-widget elementor-widget-button\" data-id=\"bdf5130\" data-element_type=\"widget\" data-e-type=\"widget\" data-settings=\"{&quot;_animation&quot;:&quot;none&quot;,&quot;_animation_delay&quot;:0}\" data-widget_type=\"button.default\">\n\t\t\t\t<div class=\"elementor-widget-container\">\n\t\t\t\t\t\t\t\t\t<div class=\"elementor-button-wrapper\">\n\t\t\t\t\t<a class=\"elementor-button elementor-button-link elementor-size-sm elementor-animation-grow\" href=\"https:\/\/fusionizemanagement.com\/en\/kapcsolat\/\">\n\t\t\t\t\t\t<span class=\"elementor-button-content-wrapper\">\n\t\t\t\t\t\t<span class=\"elementor-button-icon\">\n\t\t\t\t<i aria-hidden=\"true\" class=\"icon icon-right-arrow1\"><\/i>\t\t\t<\/span>\n\t\t\t\t\t\t\t\t\t<span class=\"elementor-button-text\">About us<\/span>\n\t\t\t\t\t<\/span>\n\t\t\t\t\t<\/a>\n\t\t\t\t<\/div>\n\t\t\t\t\t\t\t\t<\/div>\n\t\t\t\t<\/div>\n\t\t\t\t\t<\/div>\n\t\t<\/div>\n\t\t\t\t\t<\/div>\n\t\t<\/section>\n\t\t\t\t\t<\/div>\n\t\t<\/div>\n\t\t\t\t\t<\/div>\n\t\t<\/section>\n\t\t\t\t<section class=\"elementor-section elementor-top-section elementor-element elementor-element-2ab1cfa elementor-reverse-mobile elementor-section-boxed elementor-section-height-default elementor-section-height-default\" data-id=\"2ab1cfa\" data-element_type=\"section\" data-e-type=\"section\" id=\"produkciok\" data-settings=\"{&quot;background_background&quot;:&quot;classic&quot;}\">\n\t\t\t\t\t\t\t<div class=\"elementor-background-overlay\"><\/div>\n\t\t\t\t\t\t\t<div class=\"elementor-container elementor-column-gap-default\">\n\t\t\t\t\t<div class=\"elementor-column elementor-col-100 elementor-top-column elementor-element elementor-element-dfbd478\" data-id=\"dfbd478\" data-element_type=\"column\" data-e-type=\"column\">\n\t\t\t<div class=\"elementor-widget-wrap elementor-element-populated\">\n\t\t\t\t\t\t<div class=\"elementor-element elementor-element-bb266a9 animated-slow elementor-invisible elementor-widget elementor-widget-heading\" data-id=\"bb266a9\" data-element_type=\"widget\" data-e-type=\"widget\" data-settings=\"{&quot;_animation&quot;:&quot;fadeIn&quot;}\" data-widget_type=\"heading.default\">\n\t\t\t\t<div class=\"elementor-widget-container\">\n\t\t\t\t\t<h2 class=\"elementor-heading-title elementor-size-default\">PRODUCTIONS<\/h2>\t\t\t\t<\/div>\n\t\t\t\t<\/div>\n\t\t<div class=\"elementor-element elementor-element-01b929c e-flex e-con-boxed e-con e-parent\" data-id=\"01b929c\" data-element_type=\"container\" data-e-type=\"container\">\n\t\t\t\t\t<div class=\"e-con-inner\">\n\t\t<a class=\"elementor-element elementor-element-89edaa4 e-con-full e-flex e-con e-child\" data-id=\"89edaa4\" data-element_type=\"container\" data-e-type=\"container\" href=\"\/en\/cancel\/\">\n\t\t\t\t<div class=\"elementor-element elementor-element-e42853d animated-slow elementor-invisible elementor-widget elementor-widget-image\" data-id=\"e42853d\" data-element_type=\"widget\" data-e-type=\"widget\" data-settings=\"{&quot;_animation&quot;:&quot;fadeIn&quot;,&quot;_animation_delay&quot;:200}\" data-widget_type=\"image.default\">\n\t\t\t\t<div class=\"elementor-widget-container\">\n\t\t\t\t\t\t\t\t\t\t\t\t\t\t\t<img fetchpriority=\"high\" decoding=\"async\" width=\"800\" height=\"800\" src=\"https:\/\/fusionizemanagement.com\/wp-content\/uploads\/2025\/09\/cancel.png\" class=\"attachment-large size-large wp-image-1915\" alt=\"cancel.\" srcset=\"https:\/\/fusionizemanagement.com\/wp-content\/uploads\/2025\/09\/cancel.png 1000w, https:\/\/fusionizemanagement.com\/wp-content\/uploads\/2025\/09\/cancel-300x300.png 300w, https:\/\/fusionizemanagement.com\/wp-content\/uploads\/2025\/09\/cancel-150x150.png 150w, https:\/\/fusionizemanagement.com\/wp-content\/uploads\/2025\/09\/cancel-768x768.png 768w, https:\/\/fusionizemanagement.com\/wp-content\/uploads\/2025\/09\/cancel-12x12.png 12w\" sizes=\"(max-width: 800px) 100vw, 800px\" loading=\"eager\" \/>\t\t\t\t\t\t\t\t\t\t\t\t\t\t\t<\/div>\n\t\t\t\t<\/div>\n\t\t\t\t<div class=\"elementor-element elementor-element-e047691 animated-slow elementor-widget elementor-widget-heading\" data-id=\"e047691\" data-element_type=\"widget\" data-e-type=\"widget\" data-settings=\"{&quot;_animation&quot;:&quot;none&quot;,&quot;_animation_delay&quot;:500}\" data-widget_type=\"heading.default\">\n\t\t\t\t<div class=\"elementor-widget-container\">\n\t\t\t\t\t<h3 class=\"elementor-heading-title elementor-size-default\">cancel.<\/h3>\t\t\t\t<\/div>\n\t\t\t\t<\/div>\n\t\t\t\t<\/a>\n\t\t<a class=\"elementor-element elementor-element-eec569d e-con-full e-flex e-con e-child\" data-id=\"eec569d\" data-element_type=\"container\" data-e-type=\"container\" href=\"\/en\/zen-dogz\/\">\n\t\t\t\t<div class=\"elementor-element elementor-element-7209b0f animated-slow elementor-invisible elementor-widget elementor-widget-image\" data-id=\"7209b0f\" data-element_type=\"widget\" data-e-type=\"widget\" data-settings=\"{&quot;_animation&quot;:&quot;fadeIn&quot;,&quot;_animation_delay&quot;:200}\" data-widget_type=\"image.default\">\n\t\t\t\t<div class=\"elementor-widget-container\">\n\t\t\t\t\t\t\t\t\t\t\t\t\t\t\t<img decoding=\"async\" width=\"800\" height=\"800\" src=\"https:\/\/fusionizemanagement.com\/wp-content\/uploads\/2025\/09\/Zen-Dogz.png\" class=\"attachment-large size-large wp-image-1914\" alt=\"Zen Dogz\" srcset=\"https:\/\/fusionizemanagement.com\/wp-content\/uploads\/2025\/09\/Zen-Dogz.png 1000w, https:\/\/fusionizemanagement.com\/wp-content\/uploads\/2025\/09\/Zen-Dogz-300x300.png 300w, https:\/\/fusionizemanagement.com\/wp-content\/uploads\/2025\/09\/Zen-Dogz-150x150.png 150w, https:\/\/fusionizemanagement.com\/wp-content\/uploads\/2025\/09\/Zen-Dogz-768x768.png 768w, https:\/\/fusionizemanagement.com\/wp-content\/uploads\/2025\/09\/Zen-Dogz-12x12.png 12w\" sizes=\"(max-width: 800px) 100vw, 800px\" loading=\"eager\" \/>\t\t\t\t\t\t\t\t\t\t\t\t\t\t\t<\/div>\n\t\t\t\t<\/div>\n\t\t\t\t<div class=\"elementor-element elementor-element-c6b752b animated-slow elementor-widget elementor-widget-heading\" data-id=\"c6b752b\" data-element_type=\"widget\" data-e-type=\"widget\" data-settings=\"{&quot;_animation&quot;:&quot;none&quot;,&quot;_animation_delay&quot;:500}\" data-widget_type=\"heading.default\">\n\t\t\t\t<div class=\"elementor-widget-container\">\n\t\t\t\t\t<h3 class=\"elementor-heading-title elementor-size-default\">Zen Dogz<\/h3>\t\t\t\t<\/div>\n\t\t\t\t<\/div>\n\t\t\t\t<\/a>\n\t\t<a class=\"elementor-element elementor-element-dc5240b e-con-full e-flex e-con e-child\" data-id=\"dc5240b\" data-element_type=\"container\" data-e-type=\"container\" href=\"\/en\/woodstock-barbie\/\">\n\t\t\t\t<div class=\"elementor-element elementor-element-2a8a3fe animated-slow elementor-invisible elementor-widget elementor-widget-image\" data-id=\"2a8a3fe\" data-element_type=\"widget\" data-e-type=\"widget\" data-settings=\"{&quot;_animation&quot;:&quot;fadeIn&quot;,&quot;_animation_delay&quot;:200}\" data-widget_type=\"image.default\">\n\t\t\t\t<div class=\"elementor-widget-container\">\n\t\t\t\t\t\t\t\t\t\t\t\t\t\t\t<img decoding=\"async\" width=\"800\" height=\"800\" src=\"https:\/\/fusionizemanagement.com\/wp-content\/uploads\/2025\/09\/Woodstock-Barbie.png\" class=\"attachment-large size-large wp-image-1913\" alt=\"Woodstock Barbie\" srcset=\"https:\/\/fusionizemanagement.com\/wp-content\/uploads\/2025\/09\/Woodstock-Barbie.png 1000w, https:\/\/fusionizemanagement.com\/wp-content\/uploads\/2025\/09\/Woodstock-Barbie-300x300.png 300w, https:\/\/fusionizemanagement.com\/wp-content\/uploads\/2025\/09\/Woodstock-Barbie-150x150.png 150w, https:\/\/fusionizemanagement.com\/wp-content\/uploads\/2025\/09\/Woodstock-Barbie-768x768.png 768w, https:\/\/fusionizemanagement.com\/wp-content\/uploads\/2025\/09\/Woodstock-Barbie-12x12.png 12w\" sizes=\"(max-width: 800px) 100vw, 800px\" loading=\"eager\" \/>\t\t\t\t\t\t\t\t\t\t\t\t\t\t\t<\/div>\n\t\t\t\t<\/div>\n\t\t\t\t<div class=\"elementor-element elementor-element-843f14e animated-slow elementor-widget elementor-widget-heading\" data-id=\"843f14e\" data-element_type=\"widget\" data-e-type=\"widget\" data-settings=\"{&quot;_animation&quot;:&quot;none&quot;,&quot;_animation_delay&quot;:500}\" data-widget_type=\"heading.default\">\n\t\t\t\t<div class=\"elementor-widget-container\">\n\t\t\t\t\t<h3 class=\"elementor-heading-title elementor-size-default\">Woodstock Barbie<\/h3>\t\t\t\t<\/div>\n\t\t\t\t<\/div>\n\t\t\t\t<\/a>\n\t\t\t\t\t<\/div>\n\t\t\t\t<\/div>\n\t\t<div class=\"elementor-element elementor-element-2b5b9a2 e-flex e-con-boxed e-con e-parent\" data-id=\"2b5b9a2\" data-element_type=\"container\" data-e-type=\"container\">\n\t\t\t\t\t<div class=\"e-con-inner\">\n\t\t<a class=\"elementor-element elementor-element-2ea465f e-con-full e-flex e-con e-child\" data-id=\"2ea465f\" data-element_type=\"container\" data-e-type=\"container\" href=\"\/en\/heedless-elegance\/\">\n\t\t\t\t<div class=\"elementor-element elementor-element-77363d4 animated-slow elementor-invisible elementor-widget elementor-widget-image\" data-id=\"77363d4\" data-element_type=\"widget\" data-e-type=\"widget\" data-settings=\"{&quot;_animation&quot;:&quot;fadeIn&quot;,&quot;_animation_delay&quot;:200}\" data-widget_type=\"image.default\">\n\t\t\t\t<div class=\"elementor-widget-container\">\n\t\t\t\t\t\t\t\t\t\t\t\t\t\t\t<img decoding=\"async\" width=\"800\" height=\"800\" src=\"https:\/\/fusionizemanagement.com\/wp-content\/uploads\/2025\/09\/Heedless-Elegance.png\" class=\"attachment-large size-large wp-image-1912\" alt=\"Heedless Elegance\" srcset=\"https:\/\/fusionizemanagement.com\/wp-content\/uploads\/2025\/09\/Heedless-Elegance.png 1000w, https:\/\/fusionizemanagement.com\/wp-content\/uploads\/2025\/09\/Heedless-Elegance-300x300.png 300w, https:\/\/fusionizemanagement.com\/wp-content\/uploads\/2025\/09\/Heedless-Elegance-150x150.png 150w, https:\/\/fusionizemanagement.com\/wp-content\/uploads\/2025\/09\/Heedless-Elegance-768x768.png 768w, https:\/\/fusionizemanagement.com\/wp-content\/uploads\/2025\/09\/Heedless-Elegance-12x12.png 12w\" sizes=\"(max-width: 800px) 100vw, 800px\" loading=\"eager\" \/>\t\t\t\t\t\t\t\t\t\t\t\t\t\t\t<\/div>\n\t\t\t\t<\/div>\n\t\t\t\t<div class=\"elementor-element elementor-element-ef5e8d6 animated-slow elementor-widget elementor-widget-heading\" data-id=\"ef5e8d6\" data-element_type=\"widget\" data-e-type=\"widget\" data-settings=\"{&quot;_animation&quot;:&quot;none&quot;,&quot;_animation_delay&quot;:500}\" data-widget_type=\"heading.default\">\n\t\t\t\t<div class=\"elementor-widget-container\">\n\t\t\t\t\t<h3 class=\"elementor-heading-title elementor-size-default\">Heedless Elegance<\/h3>\t\t\t\t<\/div>\n\t\t\t\t<\/div>\n\t\t\t\t<\/a>\n\t\t<a class=\"elementor-element elementor-element-425c0fa e-con-full e-flex e-con e-child\" data-id=\"425c0fa\" data-element_type=\"container\" data-e-type=\"container\" href=\"\/en\/grand-mexican-warlock\/\">\n\t\t\t\t<div class=\"elementor-element elementor-element-0a28c35 animated-slow elementor-invisible elementor-widget elementor-widget-image\" data-id=\"0a28c35\" data-element_type=\"widget\" data-e-type=\"widget\" data-settings=\"{&quot;_animation&quot;:&quot;fadeIn&quot;,&quot;_animation_delay&quot;:200}\" data-widget_type=\"image.default\">\n\t\t\t\t<div class=\"elementor-widget-container\">\n\t\t\t\t\t\t\t\t\t\t\t\t\t\t\t<img decoding=\"async\" width=\"800\" height=\"800\" src=\"https:\/\/fusionizemanagement.com\/wp-content\/uploads\/2025\/09\/Grand-Mexican-Warlock.png\" class=\"attachment-large size-large wp-image-1911\" alt=\"Grand Mexican Warlock\" srcset=\"https:\/\/fusionizemanagement.com\/wp-content\/uploads\/2025\/09\/Grand-Mexican-Warlock.png 1000w, https:\/\/fusionizemanagement.com\/wp-content\/uploads\/2025\/09\/Grand-Mexican-Warlock-300x300.png 300w, https:\/\/fusionizemanagement.com\/wp-content\/uploads\/2025\/09\/Grand-Mexican-Warlock-150x150.png 150w, https:\/\/fusionizemanagement.com\/wp-content\/uploads\/2025\/09\/Grand-Mexican-Warlock-768x768.png 768w, https:\/\/fusionizemanagement.com\/wp-content\/uploads\/2025\/09\/Grand-Mexican-Warlock-12x12.png 12w\" sizes=\"(max-width: 800px) 100vw, 800px\" loading=\"eager\" \/>\t\t\t\t\t\t\t\t\t\t\t\t\t\t\t<\/div>\n\t\t\t\t<\/div>\n\t\t\t\t<div class=\"elementor-element elementor-element-a00e67d animated-slow elementor-widget elementor-widget-heading\" data-id=\"a00e67d\" data-element_type=\"widget\" data-e-type=\"widget\" data-settings=\"{&quot;_animation&quot;:&quot;none&quot;,&quot;_animation_delay&quot;:500}\" data-widget_type=\"heading.default\">\n\t\t\t\t<div class=\"elementor-widget-container\">\n\t\t\t\t\t<h3 class=\"elementor-heading-title elementor-size-default\">Grand Mexican Warlock<\/h3>\t\t\t\t<\/div>\n\t\t\t\t<\/div>\n\t\t\t\t<\/a>\n\t\t<a class=\"elementor-element elementor-element-fb418cc e-con-full elementor-hidden-mobile e-flex e-con e-child\" data-id=\"fb418cc\" data-element_type=\"container\" data-e-type=\"container\" href=\"\/en\/heedless-elegance\/\">\n\t\t\t\t<\/a>\n\t\t\t\t\t<\/div>\n\t\t\t\t<\/div>\n\t\t\t\t\t<\/div>\n\t\t<\/div>\n\t\t\t\t\t<\/div>\n\t\t<\/section>\n\t\t\t\t<\/div>","protected":false},"excerpt":{"rendered":"<p>Fusionize Music Management Az alternat\u00edv zene f\u00fazi\u00f3ja A Fusionize Music Management felt\u00f6rekv\u0151 el\u0151ad\u00f3kat seg\u00edt p\u00e1ly\u00e1ra \u00e1llni, akik \u00faj sz\u00ednt hoznak a hip-hop, a met\u00e1l \u00e9s a blues-rock vil\u00e1g\u00e1b\u00f3l. Hisz\u00fcnk abban, [&hellip;]<\/p>\n","protected":false},"author":1,"featured_media":0,"parent":0,"menu_order":0,"comment_status":"closed","ping_status":"closed","template":"elementor_header_footer","meta":{"footnotes":""},"class_list":["post-12","page","type-page","status-publish","hentry"],"yoast_head":"<!-- This site is optimized with the Yoast SEO plugin v27.3 - https:\/\/yoast.com\/product\/yoast-seo-wordpress\/ -->\n<title>F\u0151oldal - fusionizemanagement.com<\/title>\n<meta name=\"description\" content=\"Fusionize Music Management: hip-hop, met\u00e1l \u00e9s blues-rock el\u0151ad\u00f3k menedzsmentje Budapestr\u0151l. Inspir\u00e1l\u00f3 egy\u00fcttm\u0171k\u00f6d\u00e9sek a hazai \u00e9s nemzetk\u00f6zi sz\u00ednt\u00e9ren.\" \/>\n<meta name=\"robots\" content=\"index, follow, max-snippet:-1, max-image-preview:large, max-video-preview:-1\" \/>\n<link rel=\"canonical\" href=\"https:\/\/fusionizemanagement.com\/en\/\" \/>\n<meta property=\"og:locale\" content=\"en_US\" \/>\n<meta property=\"og:type\" content=\"article\" \/>\n<meta property=\"og:title\" content=\"F\u0151oldal - fusionizemanagement.com\" \/>\n<meta property=\"og:description\" content=\"Fusionize Music Management: hip-hop, met\u00e1l \u00e9s blues-rock el\u0151ad\u00f3k menedzsmentje Budapestr\u0151l. Inspir\u00e1l\u00f3 egy\u00fcttm\u0171k\u00f6d\u00e9sek a hazai \u00e9s nemzetk\u00f6zi sz\u00ednt\u00e9ren.\" \/>\n<meta property=\"og:url\" content=\"https:\/\/fusionizemanagement.com\/en\/\" \/>\n<meta property=\"og:site_name\" content=\"fusionizemanagement.com\" \/>\n<meta property=\"article:modified_time\" content=\"2025-10-10T16:34:09+00:00\" \/>\n<meta property=\"og:image\" content=\"https:\/\/fusionizemanagement.com\/wp-content\/uploads\/2025\/09\/cancel.png\" \/>\n\t<meta property=\"og:image:width\" content=\"800\" \/>\n\t<meta property=\"og:image:height\" content=\"800\" \/>\n\t<meta property=\"og:image:type\" content=\"image\/png\" \/>\n<meta name=\"twitter:card\" content=\"summary_large_image\" \/>\n<meta name=\"twitter:label1\" content=\"Est. reading time\" \/>\n\t<meta name=\"twitter:data1\" content=\"2 minutes\" \/>\n<script type=\"application\/ld+json\" class=\"yoast-schema-graph\">{\"@context\":\"https:\\\/\\\/schema.org\",\"@graph\":[{\"@type\":\"WebPage\",\"@id\":\"https:\\\/\\\/fusionizemanagement.com\\\/\",\"url\":\"https:\\\/\\\/fusionizemanagement.com\\\/\",\"name\":\"F\u0151oldal - fusionizemanagement.com\",\"isPartOf\":{\"@id\":\"https:\\\/\\\/fusionizemanagement.com\\\/#website\"},\"primaryImageOfPage\":{\"@id\":\"https:\\\/\\\/fusionizemanagement.com\\\/#primaryimage\"},\"image\":{\"@id\":\"https:\\\/\\\/fusionizemanagement.com\\\/#primaryimage\"},\"thumbnailUrl\":\"https:\\\/\\\/fusionizemanagement.com\\\/wp-content\\\/uploads\\\/2025\\\/09\\\/cancel.png\",\"datePublished\":\"2024-10-15T15:01:00+00:00\",\"dateModified\":\"2025-10-10T16:34:09+00:00\",\"description\":\"Fusionize Music Management: hip-hop, met\u00e1l \u00e9s blues-rock el\u0151ad\u00f3k menedzsmentje Budapestr\u0151l. Inspir\u00e1l\u00f3 egy\u00fcttm\u0171k\u00f6d\u00e9sek a hazai \u00e9s nemzetk\u00f6zi sz\u00ednt\u00e9ren.\",\"breadcrumb\":{\"@id\":\"https:\\\/\\\/fusionizemanagement.com\\\/#breadcrumb\"},\"inLanguage\":\"en-US\",\"potentialAction\":[{\"@type\":\"ReadAction\",\"target\":[\"https:\\\/\\\/fusionizemanagement.com\\\/\"]}]},{\"@type\":\"ImageObject\",\"inLanguage\":\"en-US\",\"@id\":\"https:\\\/\\\/fusionizemanagement.com\\\/#primaryimage\",\"url\":\"https:\\\/\\\/fusionizemanagement.com\\\/wp-content\\\/uploads\\\/2025\\\/09\\\/cancel.png\",\"contentUrl\":\"https:\\\/\\\/fusionizemanagement.com\\\/wp-content\\\/uploads\\\/2025\\\/09\\\/cancel.png\"},{\"@type\":\"BreadcrumbList\",\"@id\":\"https:\\\/\\\/fusionizemanagement.com\\\/#breadcrumb\",\"itemListElement\":[{\"@type\":\"ListItem\",\"position\":1,\"name\":\"Kezd\u0151lap\",\"item\":\"https:\\\/\\\/fusionizemanagement.com\\\/\"},{\"@type\":\"ListItem\",\"position\":2,\"name\":\"F\u0151oldal\"}]},{\"@type\":\"WebSite\",\"@id\":\"https:\\\/\\\/fusionizemanagement.com\\\/#website\",\"url\":\"https:\\\/\\\/fusionizemanagement.com\\\/\",\"name\":\"fusionizemanagement.com\",\"description\":\"\",\"publisher\":{\"@id\":\"https:\\\/\\\/fusionizemanagement.com\\\/#organization\"},\"potentialAction\":[{\"@type\":\"SearchAction\",\"target\":{\"@type\":\"EntryPoint\",\"urlTemplate\":\"https:\\\/\\\/fusionizemanagement.com\\\/?s={search_term_string}\"},\"query-input\":{\"@type\":\"PropertyValueSpecification\",\"valueRequired\":true,\"valueName\":\"search_term_string\"}}],\"inLanguage\":\"en-US\"},{\"@type\":\"Organization\",\"@id\":\"https:\\\/\\\/fusionizemanagement.com\\\/#organization\",\"name\":\"fusionizemanagement.com\",\"url\":\"https:\\\/\\\/fusionizemanagement.com\\\/\",\"logo\":{\"@type\":\"ImageObject\",\"inLanguage\":\"en-US\",\"@id\":\"https:\\\/\\\/fusionizemanagement.com\\\/#\\\/schema\\\/logo\\\/image\\\/\",\"url\":\"https:\\\/\\\/fusionizemanagement.com\\\/wp-content\\\/uploads\\\/2024\\\/11\\\/FMM-logo_black.png\",\"contentUrl\":\"https:\\\/\\\/fusionizemanagement.com\\\/wp-content\\\/uploads\\\/2024\\\/11\\\/FMM-logo_black.png\",\"width\":1920,\"height\":634,\"caption\":\"fusionizemanagement.com\"},\"image\":{\"@id\":\"https:\\\/\\\/fusionizemanagement.com\\\/#\\\/schema\\\/logo\\\/image\\\/\"}}]}<\/script>\n<!-- \/ Yoast SEO plugin. -->","yoast_head_json":{"title":"Home - fusionizemanagement.com","description":"Fusionize Music Management: management of hip-hop, metal and blues-rock artists from Budapest. Inspiring collaborations on the national and international scene.","robots":{"index":"index","follow":"follow","max-snippet":"max-snippet:-1","max-image-preview":"max-image-preview:large","max-video-preview":"max-video-preview:-1"},"canonical":"https:\/\/fusionizemanagement.com\/en\/","og_locale":"en_US","og_type":"article","og_title":"F\u0151oldal - fusionizemanagement.com","og_description":"Fusionize Music Management: hip-hop, met\u00e1l \u00e9s blues-rock el\u0151ad\u00f3k menedzsmentje Budapestr\u0151l. Inspir\u00e1l\u00f3 egy\u00fcttm\u0171k\u00f6d\u00e9sek a hazai \u00e9s nemzetk\u00f6zi sz\u00ednt\u00e9ren.","og_url":"https:\/\/fusionizemanagement.com\/en\/","og_site_name":"fusionizemanagement.com","article_modified_time":"2025-10-10T16:34:09+00:00","og_image":[{"url":"https:\/\/fusionizemanagement.com\/wp-content\/uploads\/2025\/09\/cancel.png","width":800,"height":800,"type":"image\/png"}],"twitter_card":"summary_large_image","twitter_misc":{"Est. reading time":"2 minutes"},"schema":{"@context":"https:\/\/schema.org","@graph":[{"@type":"WebPage","@id":"https:\/\/fusionizemanagement.com\/","url":"https:\/\/fusionizemanagement.com\/","name":"Home - fusionizemanagement.com","isPartOf":{"@id":"https:\/\/fusionizemanagement.com\/#website"},"primaryImageOfPage":{"@id":"https:\/\/fusionizemanagement.com\/#primaryimage"},"image":{"@id":"https:\/\/fusionizemanagement.com\/#primaryimage"},"thumbnailUrl":"https:\/\/fusionizemanagement.com\/wp-content\/uploads\/2025\/09\/cancel.png","datePublished":"2024-10-15T15:01:00+00:00","dateModified":"2025-10-10T16:34:09+00:00","description":"Fusionize Music Management: management of hip-hop, metal and blues-rock artists from Budapest. Inspiring collaborations on the national and international scene.","breadcrumb":{"@id":"https:\/\/fusionizemanagement.com\/#breadcrumb"},"inLanguage":"en-US","potentialAction":[{"@type":"ReadAction","target":["https:\/\/fusionizemanagement.com\/"]}]},{"@type":"ImageObject","inLanguage":"en-US","@id":"https:\/\/fusionizemanagement.com\/#primaryimage","url":"https:\/\/fusionizemanagement.com\/wp-content\/uploads\/2025\/09\/cancel.png","contentUrl":"https:\/\/fusionizemanagement.com\/wp-content\/uploads\/2025\/09\/cancel.png"},{"@type":"BreadcrumbList","@id":"https:\/\/fusionizemanagement.com\/#breadcrumb","itemListElement":[{"@type":"ListItem","position":1,"name":"Kezd\u0151lap","item":"https:\/\/fusionizemanagement.com\/"},{"@type":"ListItem","position":2,"name":"F\u0151oldal"}]},{"@type":"WebSite","@id":"https:\/\/fusionizemanagement.com\/#website","url":"https:\/\/fusionizemanagement.com\/","name":"fusionizemanagement.com","description":"","publisher":{"@id":"https:\/\/fusionizemanagement.com\/#organization"},"potentialAction":[{"@type":"SearchAction","target":{"@type":"EntryPoint","urlTemplate":"https:\/\/fusionizemanagement.com\/?s={search_term_string}"},"query-input":{"@type":"PropertyValueSpecification","valueRequired":true,"valueName":"search_term_string"}}],"inLanguage":"en-US"},{"@type":"Organization","@id":"https:\/\/fusionizemanagement.com\/#organization","name":"fusionizemanagement.com","url":"https:\/\/fusionizemanagement.com\/","logo":{"@type":"ImageObject","inLanguage":"en-US","@id":"https:\/\/fusionizemanagement.com\/#\/schema\/logo\/image\/","url":"https:\/\/fusionizemanagement.com\/wp-content\/uploads\/2024\/11\/FMM-logo_black.png","contentUrl":"https:\/\/fusionizemanagement.com\/wp-content\/uploads\/2024\/11\/FMM-logo_black.png","width":1920,"height":634,"caption":"fusionizemanagement.com"},"image":{"@id":"https:\/\/fusionizemanagement.com\/#\/schema\/logo\/image\/"}}]}},"_links":{"self":[{"href":"https:\/\/fusionizemanagement.com\/en\/wp-json\/wp\/v2\/pages\/12","targetHints":{"allow":["GET"]}}],"collection":[{"href":"https:\/\/fusionizemanagement.com\/en\/wp-json\/wp\/v2\/pages"}],"about":[{"href":"https:\/\/fusionizemanagement.com\/en\/wp-json\/wp\/v2\/types\/page"}],"author":[{"embeddable":true,"href":"https:\/\/fusionizemanagement.com\/en\/wp-json\/wp\/v2\/users\/1"}],"replies":[{"embeddable":true,"href":"https:\/\/fusionizemanagement.com\/en\/wp-json\/wp\/v2\/comments?post=12"}],"version-history":[{"count":3,"href":"https:\/\/fusionizemanagement.com\/en\/wp-json\/wp\/v2\/pages\/12\/revisions"}],"predecessor-version":[{"id":2338,"href":"https:\/\/fusionizemanagement.com\/en\/wp-json\/wp\/v2\/pages\/12\/revisions\/2338"}],"wp:attachment":[{"href":"https:\/\/fusionizemanagement.com\/en\/wp-json\/wp\/v2\/media?parent=12"}],"curies":[{"name":"wp","href":"https:\/\/api.w.org\/{rel}","templated":true}]}}